{"id":8474,"date":"2023-02-06T14:27:38","date_gmt":"2023-02-06T13:27:38","guid":{"rendered":"https:\/\/iniciokit.cotos.es\/?page_id=8474"},"modified":"2024-06-19T11:22:47","modified_gmt":"2024-06-19T09:22:47","slug":"politica-de-cookies","status":"publish","type":"page","link":"https:\/\/www.cristinaestival.com\/es\/politica-de-cookies\/","title":{"rendered":"Pol\u00edtica de Cookies"},"content":{"rendered":"\t\t<div data-elementor-type=\"wp-page\" data-elementor-id=\"8474\" class=\"elementor elementor-8474\">\n\t\t\t\t\t\t<section class=\"elementor-section elementor-top-section elementor-element elementor-element-b517f92 elementor-section-boxed elementor-section-height-default elementor-section-height-default\" data-id=\"b517f92\" data-element_type=\"section\" data-e-type=\"section\">\n\t\t\t\t\t\t<div class=\"elementor-container elementor-column-gap-default\">\n\t\t\t\t\t<div class=\"elementor-column elementor-col-100 elementor-top-column elementor-element elementor-element-164a998\" data-id=\"164a998\" data-element_type=\"column\" data-e-type=\"column\">\n\t\t\t<div class=\"elementor-widget-wrap elementor-element-populated\">\n\t\t\t\t\t\t<div class=\"elementor-element elementor-element-da9b9fd color-scheme-inherit text-left elementor-widget elementor-widget-text-editor\" data-id=\"da9b9fd\" data-element_type=\"widget\" data-e-type=\"widget\" data-widget_type=\"text-editor.default\">\n\t\t\t\t<div class=\"elementor-widget-container\">\n\t\t\t\t\t\t\t\t\t<p>\u00a0<\/p><h2>Pol\u00edtica de Cookies<\/h2><p>Este sitio web, al igual que la mayor\u00eda de los sitios en Internet, usa Cookies para mejorar y optimizar la experiencia del usuario. A continuaci\u00f3n encontrar\u00e1s informaci\u00f3n detallada sobre qu\u00e9 son las \u201cCookies\u201d, qu\u00e9 tipolog\u00eda utiliza este sitio web, c\u00f3mo puedes desactivarlas en tu navegador y c\u00f3mo bloquear espec\u00edficamente la instalaci\u00f3n de Cookies de terceros.<br \/><br \/>\u00bfQu\u00e9 son las Cookies y c\u00f3mo las utilizan los sitios web de <b>CRISTINA ESTIVAL<\/b>? Las Cookies son archivos que el sitio web o la aplicaci\u00f3n que utilizas instala en tu navegador o en tu dispositivo (Smartphone, tableta o televisi\u00f3n conectada) durante tu recorrido por p\u00e1ginas o por aplicaci\u00f3n, y sirven para almacenar informaci\u00f3n sobre tu visita. Los portales web de CRISTINA ESTIVAL utilizan Cookies para:<br \/>\u2022 Que las p\u00e1ginas web pueden funcionar correctamente. <br \/>\u2022 Almacenar tus preferencias. <br \/>\u2022 Conocer tu experiencia de navegaci\u00f3n. <br \/>\u2022 Recopilar informaci\u00f3n estad\u00edstica an\u00f3nima, como qu\u00e9 p\u00e1ginas has visto o cu\u00e1nto tiempo has estado navegando. <br \/><br \/>El uso de Cookies nos permite optimizar tu navegaci\u00f3n, adaptando la informaci\u00f3n y los servicios ofrecidos a tus intereses, para proporcionarte una mejor experiencia siempre que nos visites. Los sitios web de <b>CRISTINA ESTIVAL<\/b> utilizan Cookies para funcionar, adaptar y facilitar al m\u00e1ximo la navegaci\u00f3n del Usuario.<br \/><br \/>Las Cookies se asocian \u00fanicamente a un usuario an\u00f3nimo y su ordenador\/dispositivo y no proporcionan referencias que permitan conocer datos personales. En todo momento podr\u00e1s acceder a la configuraci\u00f3n de tu navegador para modificar y\/o bloquear la instalaci\u00f3n de las Cookies enviadas por los sitios web de <b>CRISTINA ESTIVAL<\/b>, aunque algunas de las funcionalidades pueden verse afectadas.<br \/><br \/>Los Usuarios que completen el proceso de registro o hayan iniciado sesi\u00f3n con sus datos de acceso podr\u00e1n acceder a servicios personalizados y adaptados a sus preferencias seg\u00fan la informaci\u00f3n personal suministrada en el momento del registro y la almacenada en la Cookie de su navegador<br \/><br \/><b>\u00bfPor qu\u00e9 son importantes?<\/b><br \/>\u2022 Desde un punto de vista t\u00e9cnico, permiten que los sitios web funcionen de forma m\u00e1s \u00e1gil y adaptada a las preferencias de los usuarios, como por ejemplo almacenar el idioma, la moneda del pa\u00eds o detectar el dispositivo de acceso. <br \/>\u2022 Permiten que los gestores de los medios puedan conocer datos estad\u00edsticos recopilados en las Cookies para mejorar la calidad y experiencia de sus servicios. <br \/>\u2022 Sirven para optimizar la publicidad que mostramos a los usuarios, ofreciendo la que m\u00e1s se ajusta a sus intereses. <br \/><br \/><b>\u00bfCu\u00e1les son los diferentes tipos de Cookies que utilizamos en CRISTINA ESTIVAL?<\/b><br \/>\u2022 Las de sesi\u00f3n expiran cuando el Usuario abandona la p\u00e1gina o cierra el navegador, es decir, est\u00e1n activas mientras dura la visita al sitio web y por tanto son borradas de nuestro ordenador al abandonarlo. <br \/>\u2022 Las permanentes expiran cuando se cumple el objetivo para el que sirven o bien cuando se borran manualmente, tienen fecha de borrado y se utilizan normalmente en los procesos de registro, solicitud de informaci\u00f3n y personalizaci\u00f3n de servicios, para proporcionar una mejor experiencia de usuario. <br \/>Por otro lado, seg\u00fan quien sea la entidad que gestione el equipo o dominio desde donde se env\u00edan las cookies y trate los datos que se obtengan, podemos distinguir entre Cookies propias y de terceros.<br \/>\u2022 Las Cookies propias son aquellas Cookies que son enviadas a tu ordenador y gestionadas exclusivamente por nosotros para el mejor funcionamiento del Sitio Web. La informaci\u00f3n que recabamos se emplea para mejorar la calidad de nuestro servicio y tu experiencia como usuario. <br \/>\u2022 Si interact\u00faas con el contenido de nuestro Sitio Web tambi\u00e9n pueden establecerse cookies de terceros (por ejemplo, al pulsar botones de redes sociales o visionar v\u00eddeos alojados en otro sitio web), que son aquellas establecidas por un dominio diferente de nuestro Sitio Web. No podemos acceder a los datos almacenados en las cookies de otros sitios web cuando navegues en los citados sitios web. <br \/><br \/>Navegar por este portal web supone que se puedan instalar los siguientes tipos de Cookies:<\/p>\t\t\t\t\t\t\t\t<\/div>\n\t\t\t\t<\/div>\n\t\t\t\t\t<\/div>\n\t\t<\/div>\n\t\t\t\t\t<\/div>\n\t\t<\/section>\n\t\t\t\t<section class=\"elementor-section elementor-top-section elementor-element elementor-element-e2bb15f wd-section-stretch elementor-section-boxed elementor-section-height-default elementor-section-height-default\" data-id=\"e2bb15f\" data-element_type=\"section\" data-e-type=\"section\">\n\t\t\t\t\t\t<div class=\"elementor-container elementor-column-gap-default\">\n\t\t\t\t\t<div class=\"elementor-column elementor-col-100 elementor-top-column elementor-element elementor-element-1b62c49\" data-id=\"1b62c49\" data-element_type=\"column\" data-e-type=\"column\">\n\t\t\t<div class=\"elementor-widget-wrap elementor-element-populated\">\n\t\t\t\t\t\t<div class=\"elementor-element elementor-element-9afab0b elementor-widget elementor-widget-image\" data-id=\"9afab0b\" data-element_type=\"widget\" data-e-type=\"widget\" data-widget_type=\"image.default\">\n\t\t\t\t<div class=\"elementor-widget-container\">\n\t\t\t\t\t\t\t\t\t\t\t\t\t\t\t<img fetchpriority=\"high\" decoding=\"async\" width=\"1292\" height=\"946\" src=\"https:\/\/www.cristinaestival.com\/wp-content\/uploads\/2024\/06\/cookies-necesarias.png\" class=\"attachment-full size-full wp-image-9349\" alt=\"\" srcset=\"https:\/\/www.cristinaestival.com\/wp-content\/uploads\/2024\/06\/cookies-necesarias.png 1292w, https:\/\/www.cristinaestival.com\/wp-content\/uploads\/2024\/06\/cookies-necesarias-400x293.png 400w, https:\/\/www.cristinaestival.com\/wp-content\/uploads\/2024\/06\/cookies-necesarias-1093x800.png 1093w, https:\/\/www.cristinaestival.com\/wp-content\/uploads\/2024\/06\/cookies-necesarias-768x562.png 768w\" sizes=\"(max-width: 1292px) 100vw, 1292px\" \/>\t\t\t\t\t\t\t\t\t\t\t\t\t\t\t<\/div>\n\t\t\t\t<\/div>\n\t\t\t\t<div class=\"elementor-element elementor-element-d667da6 elementor-widget elementor-widget-image\" data-id=\"d667da6\" data-element_type=\"widget\" data-e-type=\"widget\" data-widget_type=\"image.default\">\n\t\t\t\t<div class=\"elementor-widget-container\">\n\t\t\t\t\t\t\t\t\t\t\t\t\t\t\t<img decoding=\"async\" width=\"1292\" height=\"682\" src=\"https:\/\/www.cristinaestival.com\/wp-content\/uploads\/2024\/06\/cookies-estadisticas.png\" class=\"attachment-full size-full wp-image-9350\" alt=\"\" srcset=\"https:\/\/www.cristinaestival.com\/wp-content\/uploads\/2024\/06\/cookies-estadisticas.png 1292w, https:\/\/www.cristinaestival.com\/wp-content\/uploads\/2024\/06\/cookies-estadisticas-400x211.png 400w, https:\/\/www.cristinaestival.com\/wp-content\/uploads\/2024\/06\/cookies-estadisticas-768x405.png 768w\" sizes=\"(max-width: 1292px) 100vw, 1292px\" \/>\t\t\t\t\t\t\t\t\t\t\t\t\t\t\t<\/div>\n\t\t\t\t<\/div>\n\t\t\t\t\t<\/div>\n\t\t<\/div>\n\t\t\t\t\t<\/div>\n\t\t<\/section>\n\t\t\t\t<section class=\"elementor-section elementor-top-section elementor-element elementor-element-6396d0e elementor-section-boxed elementor-section-height-default elementor-section-height-default\" data-id=\"6396d0e\" data-element_type=\"section\" data-e-type=\"section\">\n\t\t\t\t\t\t<div class=\"elementor-container elementor-column-gap-default\">\n\t\t\t\t\t<div class=\"elementor-column elementor-col-100 elementor-top-column elementor-element elementor-element-ad6abf5\" data-id=\"ad6abf5\" data-element_type=\"column\" data-e-type=\"column\">\n\t\t\t<div class=\"elementor-widget-wrap elementor-element-populated\">\n\t\t\t\t\t\t<div class=\"elementor-element elementor-element-b31a4cf color-scheme-inherit text-left elementor-widget elementor-widget-text-editor\" data-id=\"b31a4cf\" data-element_type=\"widget\" data-e-type=\"widget\" data-widget_type=\"text-editor.default\">\n\t\t\t\t<div class=\"elementor-widget-container\">\n\t\t\t\t\t\t\t\t\t<p>Al navegar y continuar en nuestro Sitio Web estar\u00e1 consintiendo el uso de las Cookies en las condiciones contenidas en la presente Pol\u00edtica de Cookies. <b>CRISTINA ESTIVAL <\/b>proporciona acceso a esta Pol\u00edtica de Cookies en el momento del registro con el objetivo de que el usuario est\u00e9 informado, y sin perjuicio de que \u00e9ste pueda ejercer su derecho a bloquear, eliminar y rechazar el uso de Cookies en todo momento.<\/p>\n<p>En cualquier caso le informamos de que, dado que las Cookies no son necesarias para el uso de nuestro Sitio Web, puede bloquearlas o deshabilitarlas activando la configuraci\u00f3n de su navegador, que le permite rechazar la instalaci\u00f3n de todas las cookies o de algunas de ellas. La pr\u00e1ctica mayor\u00eda de los navegadores permiten advertir de la presencia de Cookies o rechazarlas autom\u00e1ticamente. Si las rechaza podr\u00e1 seguir usando nuestro Sitio Web, aunque el uso de algunos de sus servicios podr\u00e1 ser limitado y por tanto su experiencia en nuestro Sitio Web menos satisfactoria.<\/p>\n<p>A continuaci\u00f3n te indicamos los links de los principales navegadores y dispositivos para que dispongas de toda la informaci\u00f3n para consultar c\u00f3mo gestionar las cookies en tu navegador.<br><strong>Safari:<\/strong> <br>http:\/\/support.apple.com\/kb\/PH5042?viewlocale=es_EShttp:\/\/support.apple.com\/kb\/HT1677?viewlocale=es_ES<br><strong>Internet Explorer:<\/strong><br>Versi\u00f3n 5<br>http:\/\/support.microsoft.com\/kb\/196955\/es<br>Versi\u00f3n 6<br>http:\/\/support.microsoft.com\/kb\/283185\/es<br>Versi\u00f3n 7 y 8<br>http:\/\/windows.microsoft.com\/es-ES\/windows-vista\/Block-or-allow-cookies<br>Versi\u00f3n 9<br>http:\/\/windows.microsoft.com\/es-ES\/windows7\/How-to-manage-cookies-in-Internet-Explorer-9<br><strong>Chrome:<\/strong><br>https:\/\/support.google.com\/chrome\/answer\/95647?hl=es&amp;hlrm=en<br><strong>Firefox:<\/strong><br>http:\/\/support.mozilla.org\/es\/kb\/cookies-informacion-que-los-sitios-web-guardan-en-?redirectlocale=en-US&amp;redirectslug=Cookies<br><strong>Opera:<\/strong><br>https:\/\/help.opera.com\/en\/latest\/web-preferences\/#cookies<br><strong>Android:<\/strong><br>http:\/\/support.google.com\/android\/?hl=es<\/p>\n<p>Si deseas informaci\u00f3n adicional sobre c\u00f3mo configurar las Cookies detallada por proveedor o administrar tus preferencias, visita el portal Your Online Choices.<\/p>\n<p><strong>\u00bfActualizamos nuestra Pol\u00edtica de Cookies?<\/strong><br>Es posible que actualicemos la Pol\u00edtica de Cookies de nuestro Sitio Web, por ello le recomendamos revisar esta pol\u00edtica cada vez que acceda a nuestro Sitio Web con el objetivo de estar adecuadamente informado sobre c\u00f3mo y para qu\u00e9 usamos las cookies.<br><strong>CRISTINA ESTIVAL<\/strong> no se hace responsable del contenido y veracidad de las pol\u00edticas de cookies de los terceros.<\/p>\n<h3>6. INFORMACI\u00d3N SOBRE PRIVACIDAD.<\/h3>\n<p>Sin perjuicio de obtener informaci\u00f3n m\u00e1s detallada en nuestra POL\u00cdTICA DE PRIVACIDAD, proporcionamos la siguiente informaci\u00f3n en materia de protecci\u00f3n de datos de car\u00e1cter personal:<br>&#8211; RESPONSABLE DEL TRATAMIENTO: CRISTINA ESTIVAL MEDINA<br>&#8211; FINALIDADES: Conocer las preferencias del usuario y mejorar su experiencia durante la navegaci\u00f3n a trav\u00e9s del uso de las cookies cuyas finalidades concretas han sido detalladas anteriormente.<br>&#8211; LEGITIMACI\u00d3N Y PLAZO DE CONSERVACI\u00d3N. El tratamiento de sus datos se basa en el consentimiento y los plazos se indican para cada una de las cookies.<br>&#8211; EJERCICIO DE DERECHOS. Todos los usuarios pueden ejercitar cualquier de los derechos otorgados por la normativa de protecci\u00f3n de datos, como el derecho de acceso, rectificaci\u00f3n, limitaci\u00f3n del tratamiento, supresi\u00f3n, portabilidad de datos y oposici\u00f3n que le asisten mediante escrito dirigido a info@cristinaestival.com. Y en el caso de que lo estime oportuno podr\u00e1 presentar reclamaci\u00f3n ante la Autoridad de Control pertinente<\/p>\t\t\t\t\t\t\t\t<\/div>\n\t\t\t\t<\/div>\n\t\t\t\t\t<\/div>\n\t\t<\/div>\n\t\t\t\t\t<\/div>\n\t\t<\/section>\n\t\t\t\t<\/div>\n\t\t","protected":false},"excerpt":{"rendered":"<p>\u00a0 Pol\u00edtica de Cookies Este sitio web, al igual que la mayor\u00eda de los sitios en Internet, usa Cookies para<\/p>\n","protected":false},"author":1,"featured_media":0,"parent":0,"menu_order":0,"comment_status":"closed","ping_status":"closed","template":"","meta":{"_joinchat":[],"footnotes":""},"class_list":["post-8474","page","type-page","status-publish","hentry"],"aioseo_notices":[],"_links":{"self":[{"href":"https:\/\/www.cristinaestival.com\/es\/wp-json\/wp\/v2\/pages\/8474","targetHints":{"allow":["GET"]}}],"collection":[{"href":"https:\/\/www.cristinaestival.com\/es\/wp-json\/wp\/v2\/pages"}],"about":[{"href":"https:\/\/www.cristinaestival.com\/es\/wp-json\/wp\/v2\/types\/page"}],"author":[{"embeddable":true,"href":"https:\/\/www.cristinaestival.com\/es\/wp-json\/wp\/v2\/users\/1"}],"replies":[{"embeddable":true,"href":"https:\/\/www.cristinaestival.com\/es\/wp-json\/wp\/v2\/comments?post=8474"}],"version-history":[{"count":4,"href":"https:\/\/www.cristinaestival.com\/es\/wp-json\/wp\/v2\/pages\/8474\/revisions"}],"predecessor-version":[{"id":9353,"href":"https:\/\/www.cristinaestival.com\/es\/wp-json\/wp\/v2\/pages\/8474\/revisions\/9353"}],"wp:attachment":[{"href":"https:\/\/www.cristinaestival.com\/es\/wp-json\/wp\/v2\/media?parent=8474"}],"curies":[{"name":"wp","href":"https:\/\/api.w.org\/{rel}","templated":true}]}}