{"id":8472,"date":"2023-02-06T14:27:28","date_gmt":"2023-02-06T13:27:28","guid":{"rendered":"https:\/\/iniciokit.cotos.es\/?page_id=8472"},"modified":"2024-09-03T13:56:57","modified_gmt":"2024-09-03T11:56:57","slug":"politica-de-privacidad","status":"publish","type":"page","link":"https:\/\/www.cristinaestival.com\/es\/politica-de-privacidad\/","title":{"rendered":"Pol\u00edtica de Privacidad"},"content":{"rendered":"\t\t<div data-elementor-type=\"wp-page\" data-elementor-id=\"8472\" class=\"elementor elementor-8472\">\n\t\t\t\t\t\t<section class=\"elementor-section elementor-top-section elementor-element elementor-element-e01f010 wd-section-stretch elementor-section-boxed elementor-section-height-default elementor-section-height-default\" data-id=\"e01f010\" data-element_type=\"section\" data-e-type=\"section\">\n\t\t\t\t\t\t<div class=\"elementor-container elementor-column-gap-default\">\n\t\t\t\t\t<div class=\"elementor-column elementor-col-100 elementor-top-column elementor-element elementor-element-6973e5c\" data-id=\"6973e5c\" data-element_type=\"column\" data-e-type=\"column\">\n\t\t\t<div class=\"elementor-widget-wrap elementor-element-populated\">\n\t\t\t\t\t\t<div class=\"elementor-element elementor-element-d541c8b color-scheme-inherit text-left elementor-widget elementor-widget-text-editor\" data-id=\"d541c8b\" data-element_type=\"widget\" data-e-type=\"widget\" data-widget_type=\"text-editor.default\">\n\t\t\t\t<div class=\"elementor-widget-container\">\n\t\t\t\t\t\t\t\t\t<h2>Pol\u00edtica de Privacidad<\/h2>\n<ol>\n<li>\n<h3>Pol\u00edtica de Privacidad y Seguridad.<\/h3>\n<\/li>\n<\/ol>\n<p>A trav\u00e9s del presente documento se explican c\u00f3mo se utilizan los datos personales de los usuarios de esta web, por lo que refleja el compromiso de CRISTINA ESTIVAL por mantener y garantizar relaciones profesionales seguras mediante la protecci\u00f3n de la privacidad y datos personales de sus clientes.<\/p>\n<ol start=\"2\">\n<li>\n<h3>Definici\u00f3n de dato personal<\/h3>\n<\/li>\n<\/ol>\n<p>Como \u00abDato Personal\u00bb debemos entender cualquier informaci\u00f3n concerniente a una persona f\u00edsica identificada o identificable. Entre otros, se incluyen el nombre, apellidos, la direcci\u00f3n postal y electr\u00f3nica, as\u00ed como el n\u00famero de tel\u00e9fono.<\/p>\n<ol start=\"3\">\n<li>\n<h3>Tratamientos y finalidades de los datos recogidos<\/h3>\n<\/li>\n<\/ol>\n<p>Cualquier dato personal que nos facilite ser\u00e1 tratado de conformidad con las normas de protecci\u00f3n de datos y s\u00f3lo ser\u00e1n recogidos, tratados y utilizados para fines l\u00edcitos, leg\u00edtimos e informados.<\/p>\n<p>El <strong>RESPONSABLE DEL TRATAMIENTO<\/strong> es el titular de la web, <strong>Cristina Estival Medina,<\/strong> que los destinar\u00e1 a las siguientes <strong>FINALIDADES<\/strong>:<\/p>\n<ul>\n<li>Gestionar los formularios de contacto para atender sus solicitudes de informaci\u00f3n y dar respuesta a las cuestiones planteadas.<\/li>\n<li>Llevar a cabo cuantas actuaciones requiera el servicio contratado y contactarle para informarle acerca del mismo.<\/li>\n<li>Concertar fecha y hora de las sesiones, as\u00ed como contactar con usted sobre cuantas cuestiones tengan relaci\u00f3n con el tratamiento y cita concertada. <u>Destacar que para concertar la fecha de la sesi\u00f3n, saldr\u00e1 de la p\u00e1gina web y la contratar\u00e1 a trav\u00e9s de la plataforma DOCTORALIA.<\/u><\/li>\n<li>En todos estos casos, para informarle sobre cualquier aspecto empresarial, comercial o social de la entidada o acerca de otros productos y\/o servicios, incluso actividades o eventos promovidos por CRISTINA ESTIVAL MEDINA o en los que participe.<\/li>\n<li>En el caso del blog, incluirle en la lista de distribuci\u00f3n de la newsletter y gestionar, en su caso, el env\u00edo de comentarios a los diferentes post.<\/li>\n<li>La realizaci\u00f3n de encuestas y estudios estad\u00edsticos.<\/li>\n<\/ul>\n<ul>\n<li>Conocer las preferencias e intereses del usuario para conocer y atender mejor sus necesidades.<\/li>\n<\/ul>\n<p>De todas formas, se informa a todos los usuarios del car\u00e1cter no obligatorio de la recogida de determinados datos salvo en los campos que se indique lo contrario. No obstante, la no cumplimentaci\u00f3n de dichos datos podr\u00e1 impedir que se presten aquellos Servicios que dependan del conocimiento de tales datos, por lo que quedamos liberados de toda responsabilidad por la no prestaci\u00f3n o prestaci\u00f3n incompleta de estos Servicios.<\/p>\n<p>Corresponde al usuario la obligaci\u00f3n de facilitar los datos de manera veraz y mantenerlos actualizados. En consecuencia, CRISTINA ESTIVAL MEDINA se reserva el derecho de excluir de los servicios y proceder a la cancelaci\u00f3n del servicio a todo usuario que haya facilitado datos falsos, sin perjuicio de las dem\u00e1s acciones que procedan en Derecho.<\/p>\n<h3><ol start=\"4\"><li>Legitimaci\u00f3n para el tratamiento de sus datos<\/li><\/ol><\/h3>\n<p>El consentimiento del usuario y la aplicaci\u00f3n de medidas precontractuales -en el caso de atender una petici\u00f3n de informaci\u00f3n-, as\u00ed como la ejecuci\u00f3n del contrato -en caso de que llegue a contratarse el servicio-, legitiman el tratamiento de sus datos.<\/p>\n<h3><ol start=\"5\"><li>Plazo de conservaci\u00f3n de los datos<\/li><\/ol><\/h3>\n<p>Los datos ser\u00e1n conservados el tiempo necesario para dar respuesta a las consultas, atender el servicio solicitado y cumplir las finalidades indicadas, as\u00ed como, en su caso, atender nuestras obligaciones legales.<\/p>\n<p>En todo caso, cuando&nbsp; los datos dejen de ser necesarios para los fines indicados, ser\u00e1n suprimidos con medidas de seguridad adecuadas para garantizar la seudonimizaci\u00f3n de los datos o la destrucci\u00f3n total de los mismos.<\/p>\n<h3><ol start=\"6\"><li>Comunicaci\u00f3n de sus datos personales a terceros<\/li><\/ol><\/h3>\n<p>Sus datos personales no ser\u00e1n comunicados a ning\u00fan tercero. En el caso de que fuera necesario comunicar su informaci\u00f3n a alg\u00fan tercero se solicitar\u00eda su consentimiento.<\/p>\n<h3><ol start=\"7\"><li>Seguridad de sus datos personales<\/li><\/ol><\/h3>\n<p>CRISTINA ESTIVAL MEDINA, tiene una preocupaci\u00f3n especial por garantizar la seguridad de sus datos personales. Sus datos son almacenados en nuestros sistemas de informaci\u00f3n, donde hemos adoptado e implantado medidas de seguridad, t\u00e9cnicas y organizativas, para prevenir cualquier p\u00e9rdida o uso no autorizado por terceros.<\/p>\n<h3><ol start=\"8\"><li>Informaci\u00f3n sobre la Utilizaci\u00f3n de cookies<\/li><\/ol><\/h3>\n<p>El mero hecho de visitar el presente portal web o utilizar los servicios de www.cristinaestival.com no implica que autom\u00e1ticamente quede registrado ning\u00fan dato de car\u00e1cter personal que identifique a un Usuario. Sin embargo, le informamos que durante la navegaci\u00f3n por el Sitio Web se utilizan \u00abcookies\u00bb, peque\u00f1os ficheros de datos que se generan en el ordenador del internauta y que nos permiten obtener la siguiente informaci\u00f3n anal\u00edtica:<\/p>\n<ol>\n<li>a) La fecha y hora de acceso a la Web, permitiendo saber las horas de m\u00e1s afluencia, y hacer los ajustes precisos para evitar problemas de saturaci\u00f3n en nuestras horas punta.<\/li>\n<li>b) El n\u00famero de visitantes diarios de cada secci\u00f3n, permitiendo conocer las \u00e1reas de m\u00e1s \u00e9xito y aumentar y mejorar su contenido, con el fin de que los usuarios obtengan un resultado m\u00e1s satisfactorio y mejorar el dise\u00f1o de los contenidos.<\/li>\n<li>c) La fecha y hora de la \u00faltima vez que el usuario visit\u00f3 el Sitio Web para realizar estudios anal\u00edticos y estad\u00edsticos sobre el uso que tiene la web.<\/li>\n<li>d) Elementos de seguridad que intervienen en el control de acceso a las \u00e1reas restringidas.<\/li>\n<\/ol>\n<p>Para m\u00e1s informaci\u00f3n visite nuestra pol\u00edtica de cookies<\/p>\n<h3><ol start=\"9\"><li>Derechos de los usuarios.<\/li><\/ol><\/h3>\n<p>Todos los usuarios pueden ejercitar cualquier de los derechos otorgados por la normativa de protecci\u00f3n de datos, como el derecho de acceso, limitaci\u00f3n del tratamiento, supresi\u00f3n, portabilidad, etc. mediante escrito dirigido CRISTINA ESTIVAL MEDINA, a la direcci\u00f3n&nbsp; info@cristinaestival.com.<\/p>\n<h3><ol start=\"10\"><li>\u00bfNo desea recibir informaci\u00f3n de nosotros o desea revocar su consentimiento?<\/li><\/ol><\/h3>\n<p>Cualquier usuario puede oponerse al uso de su informaci\u00f3n para fines publicitarios, investigaciones de mercado o desarrollo de encuestas de satisfacci\u00f3n, as\u00ed como revocar su consentimiento en cualquier momento (sin efecto retroactivo). Para ello, deber\u00e1 enviar un correo electr\u00f3nico a la direcci\u00f3n info@cristinaestival.com. Cuando reciba publicidad por correo electr\u00f3nico, tambi\u00e9n podr\u00e1 oponer desde dicho correo electr\u00f3nico, pinchando en el enlace incluido en el mismo y siguiendo las instrucciones que le sean facilitadas.<\/p>\n<h3><ol start=\"11\"><li>Cambios a la Pol\u00edtica de Privacidad.<\/li><\/ol><\/h3>\n<p>Nuestra Pol\u00edtica de Privacidad podr\u00e1 sufrir actualizaciones, debidas a cambios y necesidades legales, as\u00ed como debidas a mejoras y cambios incluidos en la forma de ofrecer y prestar nuestros servicios y utilidades de la aplicaci\u00f3n. Por ello, le recomendamos que visite y acceda a nuestra Pol\u00edtica de Privacidad peri\u00f3dicamente, para poder tener acceso y conocer los \u00faltimos cambios que hayan podido ser incorporados. En caso de que dichos cambios guarden relaci\u00f3n con el consentimiento prestado por el usuario, en tal caso le ser\u00e1 enviada una notificaci\u00f3n independiente y por separado para recavarlo nuevamente.<\/p>\n<p>Si durante la lectura le ha surgido alguna duda o cuesti\u00f3n sobre nuestra Pol\u00edtica de Privacidad o quiere ejercitar alg\u00fan derecho o acci\u00f3n relativa a sus datos personales, por favor p\u00f3ngase en contacto con nosotros en la siguiente direcci\u00f3n de correo electr\u00f3nico&nbsp; info@cristinaestival.com.<\/p>\t\t\t\t\t\t\t\t<\/div>\n\t\t\t\t<\/div>\n\t\t\t\t\t<\/div>\n\t\t<\/div>\n\t\t\t\t\t<\/div>\n\t\t<\/section>\n\t\t\t\t<\/div>\n\t\t","protected":false},"excerpt":{"rendered":"<p>Pol\u00edtica de Privacidad Pol\u00edtica de Privacidad y Seguridad. A trav\u00e9s del presente documento se explican c\u00f3mo se utilizan los datos<\/p>\n","protected":false},"author":1,"featured_media":0,"parent":0,"menu_order":0,"comment_status":"closed","ping_status":"closed","template":"","meta":{"_joinchat":[],"footnotes":""},"class_list":["post-8472","page","type-page","status-publish","hentry"],"aioseo_notices":[],"_links":{"self":[{"href":"https:\/\/www.cristinaestival.com\/es\/wp-json\/wp\/v2\/pages\/8472","targetHints":{"allow":["GET"]}}],"collection":[{"href":"https:\/\/www.cristinaestival.com\/es\/wp-json\/wp\/v2\/pages"}],"about":[{"href":"https:\/\/www.cristinaestival.com\/es\/wp-json\/wp\/v2\/types\/page"}],"author":[{"embeddable":true,"href":"https:\/\/www.cristinaestival.com\/es\/wp-json\/wp\/v2\/users\/1"}],"replies":[{"embeddable":true,"href":"https:\/\/www.cristinaestival.com\/es\/wp-json\/wp\/v2\/comments?post=8472"}],"version-history":[{"count":4,"href":"https:\/\/www.cristinaestival.com\/es\/wp-json\/wp\/v2\/pages\/8472\/revisions"}],"predecessor-version":[{"id":9347,"href":"https:\/\/www.cristinaestival.com\/es\/wp-json\/wp\/v2\/pages\/8472\/revisions\/9347"}],"wp:attachment":[{"href":"https:\/\/www.cristinaestival.com\/es\/wp-json\/wp\/v2\/media?parent=8472"}],"curies":[{"name":"wp","href":"https:\/\/api.w.org\/{rel}","templated":true}]}}