{"id":8470,"date":"2023-02-06T14:27:15","date_gmt":"2023-02-06T13:27:15","guid":{"rendered":"https:\/\/iniciokit.cotos.es\/?page_id=8470"},"modified":"2024-09-02T12:00:11","modified_gmt":"2024-09-02T10:00:11","slug":"aviso-legal","status":"publish","type":"page","link":"https:\/\/www.cristinaestival.com\/es\/aviso-legal\/","title":{"rendered":"Aviso Legal"},"content":{"rendered":"\t\t<div data-elementor-type=\"wp-page\" data-elementor-id=\"8470\" class=\"elementor elementor-8470\">\n\t\t\t\t\t\t<section class=\"elementor-section elementor-top-section elementor-element elementor-element-531aa64 wd-section-stretch elementor-section-boxed elementor-section-height-default elementor-section-height-default\" data-id=\"531aa64\" data-element_type=\"section\" data-e-type=\"section\">\n\t\t\t\t\t\t<div class=\"elementor-container elementor-column-gap-default\">\n\t\t\t\t\t<div class=\"elementor-column elementor-col-100 elementor-top-column elementor-element elementor-element-937f6c5\" data-id=\"937f6c5\" data-element_type=\"column\" data-e-type=\"column\">\n\t\t\t<div class=\"elementor-widget-wrap elementor-element-populated\">\n\t\t\t\t\t\t<div class=\"elementor-element elementor-element-4d0e0ee color-scheme-inherit text-left elementor-widget elementor-widget-text-editor\" data-id=\"4d0e0ee\" data-element_type=\"widget\" data-e-type=\"widget\" data-widget_type=\"text-editor.default\">\n\t\t\t\t<div class=\"elementor-widget-container\">\n\t\t\t\t\t\t\t\t\t<h1>Aviso Legal<\/h1><p>CRISTINA ESTIVAL MEDINA (en adelante, CRISTINA ESTIVAL) es el titular y responsable del presente sitio web, WWW.CRISTINAESTIVAL.COM, cuyos datos identificativos\u00a0 y de contacto se establecen a continuaci\u00f3n.<\/p><p>Adem\u00e1s, a trav\u00e9s del presente documento da a conocer a los usuarios las condiciones de uso de la web.<\/p><p>En este sentido, toda persona que acceda a este sitio web tendr\u00e1 la condici\u00f3n de usuario, y se compromete a la observancia y cumplimiento riguroso de las estipulaciones aqu\u00ed recogidas, as\u00ed como a cualquier otra disposici\u00f3n legal que fuera de aplicaci\u00f3n.<\/p><p>CRISTINA ESTIVAL MEDINA se reserva el derecho de modificar la informaci\u00f3n que de cualquier tipo pueda aparecer en este sitio web, bastando con su publicaci\u00f3n en ella y sin que exista obligaci\u00f3n de preavisar o poner en conocimiento de los usuarios dichas obligaciones.<\/p><ol><li><h3>DATOS IDENTIFICATIVOS<\/h3><\/li><\/ol><p><u>Nombre de dominio:<\/u> WWW.CRISTINAESTIVAL.COM<br \/><u>Titular:<\/u> CRISTINA ESTIVAL MEDINA<br \/><u>NIF<\/u>: 45345594J<br \/><u>Psic\u00f3loga colegiada<\/u> P-02268 del Colegio Oficial de Psic\u00f3logos de Las Palmas<em>.<br \/><\/em><u>Autorizada al funcionamiento de la asistencia sanitaria clasificada como <\/u><u>Psicolog\u00eda General Sanitaria por el Servicio Canario de Salud del Gobierno de Canarias, inscrita en el Libro de Registro de Centros, Servicios y Establecimientos Sanitarios con el n.\u00ba 8044.<br \/><\/u><u>Domicilio social:<\/u> C\/. Obispo Rabad\u00e1n n\u00ba10, 4ta planta, 35003, Las Palmas de Gran Canaria.<br \/><u>Te<\/u>lf: +34622147905<br \/><u>e-mail<\/u>: info@cristinaestival.com<\/p><ol start=\"2\"><li><h3>ACCESO A LA WEB<\/h3><\/li><\/ol><p>El servicio prestado a trav\u00e9s de esta web tiene car\u00e1cter indefinido, y su acceso y uso por parte del usuario no implica ninguna obligaci\u00f3n para CRISTINA ESTIVAL sobre su calidad y velocidad, que podr\u00e1, sin previo aviso, modificar o suspender las condiciones de acceso a la totalidad de la web, o a parte de la misma. El ejercicio de estas facultades no supondr\u00e1 responsabilidad alguna sobre las eventuales consecuencias o da\u00f1os que puedan derivarse.<\/p><p>El hardware y software necesarios para acceder a la web ser\u00e1n por cuenta de los usuarios, por lo que CRISTINA ESTIVAL no se hace responsable de su funcionamiento, ni de los derechos de uso o licencias requeridos para su ello, ni de sus posibles consecuencias.<\/p><p>Tampoco asume ning\u00fan tipo de responsabilidad ante posibles anomal\u00edas, errores de funcionamiento, deterioro, borrado de datos o software que se produzcan en los equipos o sistemas de los usuarios, como consecuencia directa o indirecta del acceso o intento de acceso a la web.<\/p><p><strong><em>\u00a0<\/em><\/strong><\/p><ol start=\"3\"><li><h3>UTILIZACI\u00d3N CORRECTA DE LOS SERVICIOS<\/h3><\/li><\/ol><p>El usuario se obliga a usar los Servicios de forma diligente, correcta y l\u00edcita. En particular, y sin que produzca efectos limitativos, se compromete a abstenerse de:<\/p><ul><li>utilizar los Servicios de forma, con fines o efectos contrarios a la ley, a la moral y a las buenas costumbres generalmente aceptadas o al orden p\u00fablico;<\/li><li>reproducir o copiar, distribuir, permitir el acceso del p\u00fablico a trav\u00e9s de cualquier modalidad de comunicaci\u00f3n p\u00fablica, transformar o modificar los Servicios, a menos que se cuente con la autorizaci\u00f3n del titular de los correspondientes derechos o ello resulte legalmente permitido;<\/li><li>realizar cualquier acto que pueda ser considerado una vulneraci\u00f3n de cualesquiera derechos de propiedad intelectual o industrial pertenecientes a CRISTINA ESTIVAL MEDINA o a terceros;<\/li><li>emplear los Servicios y la informaci\u00f3n de cualquier clase obtenida a trav\u00e9s del Sitio Web para remitir publicidad, comunicaciones con fines comerciales que contravengan la finalidad de la web, as\u00ed como mensajes no solicitados dirigidos a una pluralidad de personas -con independencia de su finalidad-, as\u00ed como de comercializar o divulgar de cualquier modo dicha informaci\u00f3n;<\/li><\/ul><p>El usuario responder\u00e1 de los da\u00f1os y perjuicios de toda naturaleza que CRISTINA ESTIVAL MEDINA pueda sufrir con ocasi\u00f3n o como consecuencia del incumplimiento de cualquiera de las obligaciones anteriormente expuestas, as\u00ed como cualesquiera otras incluidas en las presentes Condiciones Generales y\/o las impuestas por la Ley en relaci\u00f3n con la utilizaci\u00f3n del Sitio Web.<\/p><p>CRISTINA ESTIVAL velar\u00e1 en todo momento por el respeto del ordenamiento jur\u00eddico vigente, y estar\u00e1 legitimada para interrumpir el Servicio o incluso excluir a un usuario de la web en caso de presunta comisi\u00f3n, total o parcial, de delitos tipificados en el C\u00f3digo Penal vigente e infracciones de cualquier tipo, as\u00ed como en caso de observar conductas que, a su juicio, resulten contrarias a estas Condiciones Generales que operan para este Sitio Web, la Ley, las normas establecidas por CRISTINA ESTIVAL MEDINA o sus colaboradores; as\u00ed como en caso de que puedan perturbar el buen funcionamiento, imagen, credibilidad y\/o prestigio del nomnbre de CRISTINA ESTIVAL o de la propia mercantil CRISTINA ESTIVAL.<\/p><ol start=\"4\"><li><h3><strong> DERECHOS DE PROPIEDAD INTELECTUAL E INDUSTRIAL<\/strong><\/h3><\/li><\/ol><p>Los contenidos de la Web, tales como textos, gr\u00e1ficos, fotograf\u00edas, logotipos, iconos, im\u00e1genes, as\u00ed como el dise\u00f1o gr\u00e1fico, c\u00f3digo fuente y software, pertenecen CRISTINA ESTIVAL o, en su caso, de terceros cuyos derechos ostenta leg\u00edtimamente. En ambos casos est\u00e1n protegidos por la legislaci\u00f3n nacional e internacional.<\/p><p>Queda estrictamente prohibida la utilizaci\u00f3n de los elementos objeto de propiedad industrial e intelectual con fines comerciales, as\u00ed como su distribuci\u00f3n, modificaci\u00f3n, alteraci\u00f3n o descompilaci\u00f3n.<\/p><p>La infracci\u00f3n de cualquiera de los citados derechos puede constituir una vulneraci\u00f3n de las presentes disposiciones, as\u00ed como un delito castigado de acuerdo con los art\u00edculos 270 y siguientes del C\u00f3digo Penal.<\/p><ol start=\"5\"><li><h3><strong> CONTENIDO GENERADO POR EL USUARIO<\/strong><\/h3><\/li><\/ol><p>Se entiende que aquellos usuarios que env\u00eden al Sitio Web observaciones, opiniones o comentarios por medio del servicio de correo electr\u00f3nico o por cualquier otro medio, autorizan a CRISTINA ESTIVAL MEDINA para su reproducci\u00f3n, distribuci\u00f3n, comunicaci\u00f3n p\u00fablica, transformaci\u00f3n, y el ejercicio de cualquier otro derecho de explotaci\u00f3n. Esta autorizaci\u00f3n se hace a t\u00edtulo gratuito y durar\u00e1 todo el tiempo por el que est\u00e9 vigente, seg\u00fan lo establecido en la legislaci\u00f3n aplicable. Adem\u00e1s, no tendr\u00e1 limitaci\u00f3n territorial.<\/p><p>Las reclamaciones que pudieran interponerse por los usuarios en relaci\u00f3n con posibles incumplimientos de los derechos de propiedad intelectual o industrial relativos a cualesquiera de los Servicios de este Sitio Web deber\u00e1n dirigirse a la siguiente direcci\u00f3n de correo electr\u00f3nico: info@cristinaestival.com.<\/p><h3><strong>6.\u00a0 SERVICIOS PUESTOS A DISPOSICI\u00d3N DEL USUARIO<\/strong><\/h3><p>CRISTINA ESTIVAL MEDINA pone a disposici\u00f3n de todos los usuarios del portal web diferentes formas y medios de participaci\u00f3n para fomentar la conversaci\u00f3n y el intercambio de informaci\u00f3n. Su objetivo es permanecer abierto y accesible para cualquiera siempre que se respeten unas normas de convivencia y respeto b\u00e1sicas.<\/p><p>Por ello, todos los usuarios se comprometen a no utilizar dichas secciones con ning\u00fan prop\u00f3sito que est\u00e9 prohibido por estas Condiciones de uso. Cada usuario es responsable de toda su actividad relacionada con el Servicio. Adem\u00e1s, deber\u00e1 cumplir con todas las leyes y normas aplicables, tanto nacionales, como internacionales; y, si el usuario representa a una empresa, los c\u00f3digos de publicidad, marketing, privacidad u otros c\u00f3digos de autorregulaci\u00f3n aplicables a su industria.<\/p><p>En concreto, las reglas de conducta son las siguientes:<\/p><ol><li>El Usuario se compromete a cumplir con los t\u00e9rminos y condiciones de estos T\u00e9rminos de Servicio, Normas de la comunidad, y todas las leyes locales, nacionales y reglamentos internacionales.<\/li><li>El Usuario se compromete a no hacerse pasar por otra persona u organizaci\u00f3n; en caso contrario, puede incurrir en delito tipificado en el C\u00f3digo Penal u otras infracciones del ordenamiento jur\u00eddico espa\u00f1ol.<\/li><li>El Usuario se compromete a no utilizar un lenguaje irrespetuoso y ofensivo. No ser\u00e1n admitidos mensajes con amenazas, insultos graves o cualquier otro tipo de comentario que pueda herir la sensibilidad de los dem\u00e1s usuarios. En tal caso, CRISTINA ESTIVAL MEDINA se reserva el derecho de retirar cualquier contenido que contravenga la presente condici\u00f3n.<\/li><li>El Usuario se compromete a no interferir en las funciones relacionadas con la seguridad del servicio que impidan o limiten el uso o copia de cualquier contenido. Adem\u00e1s, queda totalmente prohibido el uso de esta web como medio para organizar ataques o spam sobre cualquier otro tipo de servicios. Ese tipo de contenidos ser\u00e1n eliminados junto con las cuentas que llevaron a cabo tal acci\u00f3n.<\/li><li>Los administradores del servicio tienen el derecho a borrar o editar cualquier contenido y\/o cuenta de usuario que incumpla cualquier de las normas y obligaciones descritas en estos t\u00e9rminos legales o pueda ser considerado inapropiado por CRISTINA ESTIVAL MEDINA<\/li><\/ol><h3>7. EXENCI\u00d3N DE RESPONSABILIDADES<\/h3><p>CRISTINA ESTIVAL MEDINA se exime de cualquier tipo de responsabilidad derivada de la informaci\u00f3n publicada en su sitio web siempre que esta informaci\u00f3n haya sido manipulada o introducida por un tercero ajeno al mismo.<\/p><p>Tampoco se hace responsable de la veracidad, exactitud y calidad del presente Sitio Web, sus servicios, informaci\u00f3n y materiales. Dichos servicios, informaci\u00f3n y materiales son presentados tal y como son y son accesibles sin garant\u00edas de ninguna clase.<\/p><p>CRISTINA ESTIVAL MEDINA se reserva el derecho a interrumpir en cualquier momento,y sin previo aviso, el acceso al Sitio Web, as\u00ed como la prestaci\u00f3n de cualquiera o de todos sus Servicios, ya sea por motivos t\u00e9cnicos, de seguridad, de control, de mantenimiento, por fallos de suministro el\u00e9ctrico o por cualquier otra causa justificada.<\/p><p>En consecuencia, CRISTINA ESTIVAL no garantiza la fiabilidad, la disponibilidad ni la continuidad de su Sitio Web o de los Servicios, por lo que la utilizaci\u00f3n de los mismos por parte del usuario se lleva a cabo por su propia cuenta y riesgo, sin que puedan exigirse responsabilidades a CRISTINA ESTIVAL.<\/p><p>CRISTINA ESTIVAL no ser\u00e1 responsable en caso de que existan interrupciones, demoras, errores, mal funcionamiento del Servicio y, en general, cualquier inconveniente que tenga su origen en causas que escapan a su control y\/o debido a una actuaci\u00f3n dolosa o culposa del usuario y\/o tenga por origen causas de caso fortuito o fuerza mayor.<\/p><p>Sin perjuicio de lo establecido en el art\u00edculo 1105 del C\u00f3digo Civil, se entender\u00e1n incluidos en el concepto de Fuerza Mayor, adem\u00e1s, y a los efectos de las presentes Condiciones, todos aquellos acontecimientos acaecidos fuera del control de CRISTINA ESTIVAL MEDINA tales como: fallo de terceros, operadores o compa\u00f1\u00edas de servicios, actos de Gobierno, falta de acceso a redes de terceros, actos u omisiones de las Autoridades P\u00fablicas, los que sean consecuencia de fen\u00f3menos naturales, apagones, etc. y el ataque de hackers o terceros especializados en la seguridad o integridad del sistema inform\u00e1tico, siempre que CRISTINA ESTIVAL MEDINA haya adoptado las medidas de seguridad razonables de acuerdo con el estado de la t\u00e9cnica.<\/p><p>En cualquier caso, sea cual fuere su causa, CRISTINA ESTIVAL MEDINA no asumir\u00e1 responsabilidad alguna por da\u00f1os directos ni indirectos, da\u00f1o emergente y\/o por lucro cesante.<\/p><p>CRISTINA ESTIVAL MEDINA excluye cualquier responsabilidad por los da\u00f1os y perjuicios de toda naturaleza que puedan deberse a la falta de veracidad, exactitud, exhaustividad y\/o actualidad de los Servicios transmitidos, difundidos, almacenados, puestos a disposici\u00f3n o recibidos, obtenidos o a los que se haya accedido a trav\u00e9s del Sitio Web, as\u00ed como por los Servicios prestados u ofertados por terceras personas o entidades.<\/p><p>Ello no obstante,. tratar\u00e1, en la medida de lo posible, de actualizar y rectificar aquella informaci\u00f3n alojada en su Sitio Web que no cumpla con las m\u00ednimas garant\u00edas de veracidad. No obstante, quedar\u00e1 exonerada de responsabilidad por su no actualizaci\u00f3n o rectificaci\u00f3n, as\u00ed como por los contenidos e informaciones vertidos en la misma. En este sentido, CRISTINA ESTIVAL MEDINA no tiene obligaci\u00f3n de controlar -y no controla- los contenidos transmitidos, difundidos o puestos a disposici\u00f3n de terceros por los usuarios o colaboradores, salvo los supuestos en que as\u00ed lo exija la legislaci\u00f3n vigente o cuando sea requerido por una Autoridad Judicial o Administrativa competente.<\/p><p>De igual modo, CRISTINA ESTIVAL excluye cualquier responsabilidad por los da\u00f1os y perjuicios de toda clase que puedan deberse a la presencia de virus u otros elementos lesivos en los contenidos que puedan producir alteraci\u00f3n en los sistemas inform\u00e1ticos, as\u00ed como en los documentos o sistemas almacenados en los mismos.<\/p><p>Tampoco se hace responsable por la utilizaci\u00f3n que el usuario realice de los Servicios del Sitio Web ni de sus contrase\u00f1as, as\u00ed como de cualquier otro material del mismo, infringiendo los derechos de propiedad intelectual o industrial o cualquier otro derecho de terceros.<\/p><p>El usuario se obliga a mantener indemne a CRISTINA ESTIVAL MEDINA por cualquier da\u00f1o, perjuicio, sanci\u00f3n, gasto (incluyendo, sin limitaci\u00f3n, honorarios de abogados) o responsabilidad civil, administrativa o de cualquier otra \u00edndole, que pudiera sufrir CRISTINA ESTIVAL MEDINA y que guarde relaci\u00f3n con el incumplimiento o cumplimiento parcial o defectuoso por su parte de lo establecido en las presentes Condiciones Generales o en la legislaci\u00f3n aplicable, y, en especial, en relaci\u00f3n con sus obligaciones relativas a protecci\u00f3n de datos de car\u00e1cter personal recogidas en las presentes condiciones o establecidas en la normativa de protecci\u00f3n de datos.<\/p><ol start=\"8\"><li><h3>USO DE COOKIES<\/h3><\/li><\/ol><p>Este sitio web puede utilizar cookies t\u00e9cnicas (peque\u00f1os archivos de informaci\u00f3n que el servidor env\u00eda al ordenador de quien accede a la p\u00e1gina) para llevar a cabo determinadas funciones que son consideradas imprescindibles para el correcto funcionamiento y visualizaci\u00f3n del sitio. Las cookies utilizadas tienen, en todo caso, car\u00e1cter temporal, con la \u00fanica finalidad de hacer m\u00e1s eficaz la navegaci\u00f3n, y desaparecen al terminar la sesi\u00f3n del usuario. En ning\u00fan caso, estas cookies proporcionan por s\u00ed mismas datos de car\u00e1cter personal y no se utilizar\u00e1n para la recogida de los mismos.<\/p><p>Mediante el uso de cookies tambi\u00e9n es posible que el servidor donde se encuentra la web reconozca el navegador utilizado por el usuario con la finalidad de que la navegaci\u00f3n sea m\u00e1s sencilla, permitiendo, por ejemplo, el acceso de los usuarios que se hayan registrado previamente a las \u00e1reas, servicios, promociones o concursos reservados exclusivamente a ellos sin tener que registrarse en cada visita. Tambi\u00e9n se pueden utilizar para medir la audiencia, par\u00e1metros de tr\u00e1fico, controlar el progreso y n\u00famero de entradas, etc, siendo en estos casos cookies prescindibles t\u00e9cnicamente pero beneficiosas para el usuario. Este sitio web no instalar\u00e1 cookies prescindibles sin el consentimiento previo del usuario.<\/p><p>El usuario tiene la posibilidad de configurar su navegador para ser alertado de la recepci\u00f3n de cookies y para impedir su instalaci\u00f3n en su equipo. Por favor, consulte las instrucciones de su navegador para ampliar esta informaci\u00f3n.<\/p><ol start=\"9\"><li><h3>POL\u00cdTICA DE ENLACES<\/h3><\/li><\/ol><p>Es posible que existan enlaces que redirijan a contenidos de otras webs, los cuales no pueden ser controlados por CRISTINA ESTIVAL MEDINA, ya que dependen de terceros. Es por ello que no asume ning\u00fan tipo de responsabilidad respecto a dichos contenidos. Ahora bien, se proceder\u00e1 a la retirada inmediata de todo contenido que sea contrario la legislaci\u00f3n nacional o internacional, la moral o el orden p\u00fablico. Si procede, ser\u00e1 tambi\u00e9n puesto en conocimiento de las autoridades competentes el contenido en cuesti\u00f3n.<\/p><p>CRISTINA ESTIVAL no se hace responsable de la informaci\u00f3n y contenidos almacenados en foros, chats, generadores de blogs, comentarios, redes sociales o cualquier otro medio que permita a terceros publicar contenidos de forma independiente en la p\u00e1gina web del RESPONSABLE. Sin embargo, y en cumplimiento de lo dispuesto en los art\u00edculos 11 y 16 de la LSSICE, se pone a disposici\u00f3n de todos los usuarios, autoridades y fuerzas de seguridad, colaborando de forma activa en la retirada o, en su caso, bloqueo de todos aquellos contenidos que puedan afectar o contravenir la legislaci\u00f3n nacional o internacional, los derechos de terceros o la moral y el orden p\u00fablico. En caso de que el usuario considere que existe en el sitio web alg\u00fan contenido que pudiera ser susceptible de esta clasificaci\u00f3n, se ruega lo notifique de forma inmediata al administrador del sitio web.<\/p><p>Este sitio web ha sido revisado y probado para que funcione correctamente, pero no se puede descartar la posibilidad de que existan ciertos errores de programaci\u00f3n, o que acontezcan causas de fuerza mayor, cat\u00e1strofes naturales, huelgas o circunstancias semejantes que hagan imposible el acceso a la p\u00e1gina web.<\/p><ol start=\"10\"><li><h3>LEY APLICABLE Y JURISDICCI\u00d3N<\/h3><\/li><\/ol><p>Para la resoluci\u00f3n de todas las controversias o cuestiones relacionadas con el presente sitio web o de las actividades en \u00e9l desarrolladas, ser\u00e1 de aplicaci\u00f3n la legislaci\u00f3n espa\u00f1ola, a la que se someten expresamente las partes, siendo competentes para la resoluci\u00f3n de todos los conflictos derivados o relacionados con su uso los Juzgados y Tribunales de correspondientes al domicilio del titular, sin perjuicio de lo dispuesto en materia de consumo cuando sea aplicable.<\/p>\t\t\t\t\t\t\t\t<\/div>\n\t\t\t\t<\/div>\n\t\t\t\t\t<\/div>\n\t\t<\/div>\n\t\t\t\t\t<\/div>\n\t\t<\/section>\n\t\t\t\t<\/div>\n\t\t","protected":false},"excerpt":{"rendered":"<p>Aviso Legal CRISTINA ESTIVAL MEDINA (en adelante, CRISTINA ESTIVAL) es el titular y responsable del presente sitio web, WWW.CRISTINAESTIVAL.COM, cuyos<\/p>\n","protected":false},"author":1,"featured_media":0,"parent":0,"menu_order":0,"comment_status":"closed","ping_status":"closed","template":"","meta":{"_joinchat":[],"footnotes":""},"class_list":["post-8470","page","type-page","status-publish","hentry"],"aioseo_notices":[],"_links":{"self":[{"href":"https:\/\/www.cristinaestival.com\/es\/wp-json\/wp\/v2\/pages\/8470","targetHints":{"allow":["GET"]}}],"collection":[{"href":"https:\/\/www.cristinaestival.com\/es\/wp-json\/wp\/v2\/pages"}],"about":[{"href":"https:\/\/www.cristinaestival.com\/es\/wp-json\/wp\/v2\/types\/page"}],"author":[{"embeddable":true,"href":"https:\/\/www.cristinaestival.com\/es\/wp-json\/wp\/v2\/users\/1"}],"replies":[{"embeddable":true,"href":"https:\/\/www.cristinaestival.com\/es\/wp-json\/wp\/v2\/comments?post=8470"}],"version-history":[{"count":7,"href":"https:\/\/www.cristinaestival.com\/es\/wp-json\/wp\/v2\/pages\/8470\/revisions"}],"predecessor-version":[{"id":9343,"href":"https:\/\/www.cristinaestival.com\/es\/wp-json\/wp\/v2\/pages\/8470\/revisions\/9343"}],"wp:attachment":[{"href":"https:\/\/www.cristinaestival.com\/es\/wp-json\/wp\/v2\/media?parent=8470"}],"curies":[{"name":"wp","href":"https:\/\/api.w.org\/{rel}","templated":true}]}}